{"id":691,"date":"2023-04-13T17:00:48","date_gmt":"2023-04-13T15:00:48","guid":{"rendered":"https:\/\/upaswpdev.14.phee.host\/impressum\/"},"modified":"2023-04-25T11:19:49","modified_gmt":"2023-04-25T09:19:49","slug":"imprint","status":"publish","type":"page","link":"https:\/\/upaswpdev.14.phee.host\/en\/imprint\/","title":{"rendered":"Imprint"},"content":{"rendered":"<div class=\"wpb-content-wrapper\"><p>[vc_row][vc_column][vc_column_text]University Bonn<br \/>\nMeckenheimer Allee 176<br \/>\n53115 Bonn<\/p>\n<p>E-Mail: info@upaswpdev.14.phee.host<br \/>\nWebsite: meteo-upas.de<\/p>\n<p>&nbsp;<\/p>\n<p>Verantwortlich f\u00fcr den Inhalt gem\u00e4\u00df RStV:<\/p>\n<p>Meteorological Institute, University Bonn<\/p>\n<p>&nbsp;<\/p>\n<p>Haftung f\u00fcr Links:<\/p>\n<p>Externe Links der Internetseite von UPAS f\u00fchren zu Inhalten fremder Anbieter. F\u00fcr diese Inhalte ist allein der jeweilige Anbieter verantwortlich. Bei bekannt werden von Rechtsverletzungen werden diese Links umgehend entfernt.<\/p>\n<p>&nbsp;<\/p>\n<p>Urheberrechtshinweis:<\/p>\n<p>Die durch UPAS erstellten Inhalte und Werke auf dieser Website unterliegen dem deutschen Urheberrecht. Die Vervielf\u00e4ltigung, Bearbeitung, Verbreitung und jede Art der Verwertung au\u00dferhalb der Grenzen des Urheberrechtes bed\u00fcrfen der schriftlichen Zustimmung des jeweiligen Autors bzw. Erstellers. Soweit die Inhalte auf dieser Seite nicht von UPAS selbst erstellt wurden, werden Urheberrechte Dritter beachtet. Insbesondere werden Inhalte Dritter als solche gekennzeichnet. Sollten Sie trotzdem auf eine Urheberrechtsverletzung aufmerksam werden, wird um einen entsprechenden Hinweis gebeten. Bei Bekanntwerden von Rechtsverletzungen wird UPAS derartige Inhalte umgehend entfernen.<\/p>\n<p>&nbsp;<\/p>\n<p>Konzeption, Design und Umsetzung:<\/p>\n<p><a href=\"https:\/\/pheenetz.de\">PHEENETZ &#8211; DIGITAL OVERDRIVE AGENCY<\/a>[\/vc_column_text][\/vc_column][\/vc_row]<\/p>\n<\/div>","protected":false},"excerpt":{"rendered":"<p>[vc_row][vc_column][vc_column_text]University Bonn Meckenheimer Allee 176 53115 Bonn E-Mail: info@upaswpdev.14.phee.host Website: meteo-upas.de &nbsp; Verantwortlich f\u00fcr den Inhalt gem\u00e4\u00df RStV: Meteorological Institute, University Bonn &nbsp; Haftung f\u00fcr Links: Externe Links der Internetseite von UPAS f\u00fchren zu Inhalten fremder Anbieter. F\u00fcr diese Inhalte ist allein der jeweilige Anbieter verantwortlich. Bei bekannt werden von Rechtsverletzungen werden diese Links umgehend [&hellip;]<\/p>\n","protected":false},"author":1,"featured_media":0,"parent":0,"menu_order":1000,"comment_status":"closed","ping_status":"closed","template":"","meta":{"_acf_changed":false,"footnotes":""},"class_list":["post-691","page","type-page","status-publish","hentry"],"acf":[],"yoast_head":"<!-- This site is optimized with the Yoast SEO plugin v25.5 - https:\/\/yoast.com\/wordpress\/plugins\/seo\/ -->\n<title>Imprint - UPAS<\/title>\n<meta name=\"robots\" content=\"index, follow, max-snippet:-1, max-image-preview:large, max-video-preview:-1\" \/>\n<link rel=\"canonical\" href=\"https:\/\/upaswpdev.14.phee.host\/en\/imprint\/\" \/>\n<meta property=\"og:locale\" content=\"en_US\" \/>\n<meta property=\"og:type\" content=\"article\" \/>\n<meta property=\"og:title\" content=\"Imprint - UPAS\" \/>\n<meta property=\"og:description\" content=\"[vc_row][vc_column][vc_column_text]University Bonn Meckenheimer Allee 176 53115 Bonn E-Mail: info@upaswpdev.14.phee.host Website: meteo-upas.de &nbsp; Verantwortlich f\u00fcr den Inhalt gem\u00e4\u00df RStV: Meteorological Institute, University Bonn &nbsp; Haftung f\u00fcr Links: Externe Links der Internetseite von UPAS f\u00fchren zu Inhalten fremder Anbieter. F\u00fcr diese Inhalte ist allein der jeweilige Anbieter verantwortlich. Bei bekannt werden von Rechtsverletzungen werden diese Links umgehend [&hellip;]\" \/>\n<meta property=\"og:url\" content=\"https:\/\/upaswpdev.14.phee.host\/en\/imprint\/\" \/>\n<meta property=\"og:site_name\" content=\"UPAS\" \/>\n<meta property=\"article:modified_time\" content=\"2023-04-25T09:19:49+00:00\" \/>\n<meta name=\"twitter:card\" content=\"summary_large_image\" \/>\n<meta name=\"twitter:label1\" content=\"Est. reading time\" \/>\n\t<meta name=\"twitter:data1\" content=\"1 minute\" \/>\n<script type=\"application\/ld+json\" class=\"yoast-schema-graph\">{\"@context\":\"https:\/\/schema.org\",\"@graph\":[{\"@type\":\"WebPage\",\"@id\":\"https:\/\/upaswpdev.14.phee.host\/en\/imprint\/\",\"url\":\"https:\/\/upaswpdev.14.phee.host\/en\/imprint\/\",\"name\":\"Imprint - UPAS\",\"isPartOf\":{\"@id\":\"https:\/\/upaswpdev.14.phee.host\/#website\"},\"datePublished\":\"2023-04-13T15:00:48+00:00\",\"dateModified\":\"2023-04-25T09:19:49+00:00\",\"breadcrumb\":{\"@id\":\"https:\/\/upaswpdev.14.phee.host\/en\/imprint\/#breadcrumb\"},\"inLanguage\":\"en-US\",\"potentialAction\":[{\"@type\":\"ReadAction\",\"target\":[\"https:\/\/upaswpdev.14.phee.host\/en\/imprint\/\"]}]},{\"@type\":\"BreadcrumbList\",\"@id\":\"https:\/\/upaswpdev.14.phee.host\/en\/imprint\/#breadcrumb\",\"itemListElement\":[{\"@type\":\"ListItem\",\"position\":1,\"name\":\"Startseite\",\"item\":\"https:\/\/upaswpdev.14.phee.host\/en\/\"},{\"@type\":\"ListItem\",\"position\":2,\"name\":\"Imprint\"}]},{\"@type\":\"WebSite\",\"@id\":\"https:\/\/upaswpdev.14.phee.host\/#website\",\"url\":\"https:\/\/upaswpdev.14.phee.host\/\",\"name\":\"UPAS\",\"description\":\"\",\"publisher\":{\"@id\":\"https:\/\/upaswpdev.14.phee.host\/#organization\"},\"potentialAction\":[{\"@type\":\"SearchAction\",\"target\":{\"@type\":\"EntryPoint\",\"urlTemplate\":\"https:\/\/upaswpdev.14.phee.host\/?s={search_term_string}\"},\"query-input\":{\"@type\":\"PropertyValueSpecification\",\"valueRequired\":true,\"valueName\":\"search_term_string\"}}],\"inLanguage\":\"en-US\"},{\"@type\":\"Organization\",\"@id\":\"https:\/\/upaswpdev.14.phee.host\/#organization\",\"name\":\"UPAS\",\"url\":\"https:\/\/upaswpdev.14.phee.host\/\",\"logo\":{\"@type\":\"ImageObject\",\"inLanguage\":\"en-US\",\"@id\":\"https:\/\/upaswpdev.14.phee.host\/#\/schema\/logo\/image\/\",\"url\":\"https:\/\/upaswpdev.14.phee.host\/wp-content\/uploads\/2023\/03\/upas-logo.jpg\",\"contentUrl\":\"https:\/\/upaswpdev.14.phee.host\/wp-content\/uploads\/2023\/03\/upas-logo.jpg\",\"width\":768,\"height\":274,\"caption\":\"UPAS\"},\"image\":{\"@id\":\"https:\/\/upaswpdev.14.phee.host\/#\/schema\/logo\/image\/\"}}]}<\/script>\n<!-- \/ Yoast SEO plugin. -->","yoast_head_json":{"title":"Imprint - UPAS","robots":{"index":"index","follow":"follow","max-snippet":"max-snippet:-1","max-image-preview":"max-image-preview:large","max-video-preview":"max-video-preview:-1"},"canonical":"https:\/\/upaswpdev.14.phee.host\/en\/imprint\/","og_locale":"en_US","og_type":"article","og_title":"Imprint - UPAS","og_description":"[vc_row][vc_column][vc_column_text]University Bonn Meckenheimer Allee 176 53115 Bonn E-Mail: info@upaswpdev.14.phee.host Website: meteo-upas.de &nbsp; Verantwortlich f\u00fcr den Inhalt gem\u00e4\u00df RStV: Meteorological Institute, University Bonn &nbsp; Haftung f\u00fcr Links: Externe Links der Internetseite von UPAS f\u00fchren zu Inhalten fremder Anbieter. F\u00fcr diese Inhalte ist allein der jeweilige Anbieter verantwortlich. Bei bekannt werden von Rechtsverletzungen werden diese Links umgehend [&hellip;]","og_url":"https:\/\/upaswpdev.14.phee.host\/en\/imprint\/","og_site_name":"UPAS","article_modified_time":"2023-04-25T09:19:49+00:00","twitter_card":"summary_large_image","twitter_misc":{"Est. reading time":"1 minute"},"schema":{"@context":"https:\/\/schema.org","@graph":[{"@type":"WebPage","@id":"https:\/\/upaswpdev.14.phee.host\/en\/imprint\/","url":"https:\/\/upaswpdev.14.phee.host\/en\/imprint\/","name":"Imprint - UPAS","isPartOf":{"@id":"https:\/\/upaswpdev.14.phee.host\/#website"},"datePublished":"2023-04-13T15:00:48+00:00","dateModified":"2023-04-25T09:19:49+00:00","breadcrumb":{"@id":"https:\/\/upaswpdev.14.phee.host\/en\/imprint\/#breadcrumb"},"inLanguage":"en-US","potentialAction":[{"@type":"ReadAction","target":["https:\/\/upaswpdev.14.phee.host\/en\/imprint\/"]}]},{"@type":"BreadcrumbList","@id":"https:\/\/upaswpdev.14.phee.host\/en\/imprint\/#breadcrumb","itemListElement":[{"@type":"ListItem","position":1,"name":"Startseite","item":"https:\/\/upaswpdev.14.phee.host\/en\/"},{"@type":"ListItem","position":2,"name":"Imprint"}]},{"@type":"WebSite","@id":"https:\/\/upaswpdev.14.phee.host\/#website","url":"https:\/\/upaswpdev.14.phee.host\/","name":"UPAS","description":"","publisher":{"@id":"https:\/\/upaswpdev.14.phee.host\/#organization"},"potentialAction":[{"@type":"SearchAction","target":{"@type":"EntryPoint","urlTemplate":"https:\/\/upaswpdev.14.phee.host\/?s={search_term_string}"},"query-input":{"@type":"PropertyValueSpecification","valueRequired":true,"valueName":"search_term_string"}}],"inLanguage":"en-US"},{"@type":"Organization","@id":"https:\/\/upaswpdev.14.phee.host\/#organization","name":"UPAS","url":"https:\/\/upaswpdev.14.phee.host\/","logo":{"@type":"ImageObject","inLanguage":"en-US","@id":"https:\/\/upaswpdev.14.phee.host\/#\/schema\/logo\/image\/","url":"https:\/\/upaswpdev.14.phee.host\/wp-content\/uploads\/2023\/03\/upas-logo.jpg","contentUrl":"https:\/\/upaswpdev.14.phee.host\/wp-content\/uploads\/2023\/03\/upas-logo.jpg","width":768,"height":274,"caption":"UPAS"},"image":{"@id":"https:\/\/upaswpdev.14.phee.host\/#\/schema\/logo\/image\/"}}]}},"_links":{"self":[{"href":"https:\/\/upaswpdev.14.phee.host\/en\/wp-json\/wp\/v2\/pages\/691","targetHints":{"allow":["GET"]}}],"collection":[{"href":"https:\/\/upaswpdev.14.phee.host\/en\/wp-json\/wp\/v2\/pages"}],"about":[{"href":"https:\/\/upaswpdev.14.phee.host\/en\/wp-json\/wp\/v2\/types\/page"}],"author":[{"embeddable":true,"href":"https:\/\/upaswpdev.14.phee.host\/en\/wp-json\/wp\/v2\/users\/1"}],"replies":[{"embeddable":true,"href":"https:\/\/upaswpdev.14.phee.host\/en\/wp-json\/wp\/v2\/comments?post=691"}],"version-history":[{"count":2,"href":"https:\/\/upaswpdev.14.phee.host\/en\/wp-json\/wp\/v2\/pages\/691\/revisions"}],"predecessor-version":[{"id":734,"href":"https:\/\/upaswpdev.14.phee.host\/en\/wp-json\/wp\/v2\/pages\/691\/revisions\/734"}],"wp:attachment":[{"href":"https:\/\/upaswpdev.14.phee.host\/en\/wp-json\/wp\/v2\/media?parent=691"}],"curies":[{"name":"wp","href":"https:\/\/api.w.org\/{rel}","templated":true}]}}