{"id":912,"date":"2023-09-11T20:33:18","date_gmt":"2023-09-11T18:33:18","guid":{"rendered":"https:\/\/upaswpdev.14.phee.host\/?page_id=912"},"modified":"2023-11-07T16:44:47","modified_gmt":"2023-11-07T15:44:47","slug":"internships","status":"publish","type":"page","link":"https:\/\/upaswpdev.14.phee.host\/en\/pupils\/internships\/","title":{"rendered":"Internships"},"content":{"rendered":"<div class=\"wpb-content-wrapper\"><p>[vc_section][vc_row css=&#8221;.vc_custom_1699371884806{margin-top: 0px !important;padding-top: 0px !important;padding-right: 0px !important;padding-bottom: 0px !important;padding-left: 0px !important;}&#8221;][vc_column css=&#8221;.vc_custom_1699371870638{padding-right: 0px !important;padding-left: 0px !important;}&#8221;]\n    <div class=\"pn-interactive-go-map-container\">\n        \n        <div class=\"interactive-map-inner\">\n\n            <div class=\"interactive-go-map\">\r\n            \r\n            \r\n            \r\n            <a name='map8'><\/a>\r\n            \r\n            \r\n            \r\n            \r\n            <div class=\"wpgmza_map \"  id=\"wpgmza_map_8\" style=\"display:block; overflow:auto; width:100; height:500px; float:left;\" data-settings='{\"id\":\"8\",\"map_title\":\"Universit\\u00e4ten\\u00fcbersicht EN (Praktika)\",\"map_width\":\"100\",\"map_height\":\"500\",\"map_start_lat\":\"50.11064440000001\",\"map_start_lng\":\"8.6820917\",\"map_start_location\":\"45.950464398418106,-109.81550500000003\",\"map_start_zoom\":\"5\",\"default_marker\":\"\",\"type\":\"0\",\"alignment\":\"4\",\"directions_enabled\":\"0\",\"styling_enabled\":\"0\",\"styling_json\":\"\",\"active\":\"0\",\"kml\":\"\",\"bicycle\":\"0\",\"traffic\":\"0\",\"dbox\":\"1\",\"dbox_width\":\"\",\"listmarkers\":\"0\",\"listmarkers_advanced\":\"0\",\"filterbycat\":\"0\",\"ugm_enabled\":\"0\",\"ugm_category_enabled\":\"0\",\"fusion\":\"\",\"map_width_type\":\"\",\"map_height_type\":\"px\",\"mass_marker_support\":\"0\",\"ugm_access\":\"0\",\"order_markers_by\":\"1\",\"order_markers_choice\":\"1\",\"show_user_location\":\"0\",\"default_to\":\"\",\"other_settings\":{\"transport_layer\":false,\"shortcodeAttributes\":{\"id\":\"8\"},\"action\":\"wpgmza_save_map\",\"redirect_to\":\"\\\/wp-admin\\\/admin-post.php\",\"map_id\":\"8\",\"http_referer\":\"\\\/wp-admin\\\/admin.php?page=wp-google-maps-menu&amp;amp;action=edit&amp;amp;map_id=1\",\"wpgmza_id\":\"1\",\"wpgmza_start_location\":\"50.11064440000001,8.6820917\",\"wpgmza_start_zoom\":\"5\",\"wpgmza_dbox_width_type\":\"%\",\"default_from\":\"\",\"directions_behaviour\":\"default\",\"force_google_directions_app\":false,\"directions_route_origin_icon\":\"https:\\\/\\\/upaswpdev.14.phee.host\\\/wp-content\\\/plugins\\\/wp-google-maps\\\/images\\\/spotlight-poi3.png\",\"directions_origin_retina\":false,\"directions_route_destination_icon\":\"https:\\\/\\\/upaswpdev.14.phee.host\\\/wp-content\\\/plugins\\\/wp-google-maps\\\/images\\\/spotlight-poi3.png\",\"directions_destination_retina\":false,\"directions_route_stroke_color\":\"#4f8df5\",\"directions_route_stroke_weight\":\"4\",\"directions_route_stroke_opacity\":\"0.8\",\"directions_fit_bounds_to_route\":false,\"store_locator_enabled\":false,\"store_locator_search_area\":\"radial\",\"wpgmza_store_locator_radius_style\":\"legacy\",\"wpgmza_store_locator_default_radius\":\"10\",\"store_locator_auto_area_max_zoom\":\"\",\"wpgmza_store_locator_restrict\":\"\",\"store_locator_distance\":false,\"wpgmza_store_locator_position\":false,\"store_locator_show_distance\":false,\"store_locator_category\":false,\"wpgmza_store_locator_use_their_location\":false,\"wpgmza_store_locator_bounce\":false,\"upload_default_sl_marker\":\"\",\"upload_default_sl_marker_retina\":false,\"wpgmza_sl_animation\":\"0\",\"wpgmza_store_locator_hide_before_search\":false,\"store_locator_query_string\":\"\",\"store_locator_location_placeholder\":\"\",\"store_locator_default_address\":\"\",\"store_locator_name_search\":false,\"store_locator_name_string\":\"\",\"store_locator_not_found_message\":\"\",\"sl_stroke_color\":\"#000000\",\"sl_stroke_opacity\":\"\",\"sl_fill_color\":\"#000000\",\"sl_fill_opacity\":\"\",\"retina\":false,\"wpgmza_map_align\":\"1\",\"upload_default_ul_marker\":\"\",\"upload_default_ul_marker_retina\":false,\"jump_to_nearest_marker_on_initialization\":false,\"automatically_pan_to_users_location\":false,\"override_users_location_zoom_level\":false,\"override_users_location_zoom_levels\":\"\",\"show_distance_from_location\":false,\"map_max_zoom\":\"21\",\"map_min_zoom\":\"0\",\"click_open_link\":false,\"fit_maps_bounds_to_markers\":false,\"fit_maps_bounds_to_markers_after_filtering\":false,\"hide_point_of_interest\":false,\"wpgmza_zoom_on_marker_click\":false,\"wpgmza_zoom_on_marker_click_slider\":\"\",\"close_infowindow_on_map_click\":false,\"disable_lightbox_images\":false,\"use_Raw_Jpeg_Coordinates\":false,\"disable_polygon_info_windows\":false,\"enable_advanced_custom_fields_integration\":false,\"enable_toolset_woocommerce_integration\":false,\"only_load_markers_within_viewport\":false,\"wpgmza_iw_type\":\"1\",\"iw_primary_color\":\"#ffffff\",\"iw_accent_color\":\"#ffffff\",\"iw_text_color\":\"#000000\",\"wpgmza_listmarkers_by\":\"0\",\"wpgmza_marker_listing_position\":false,\"zoom_level_on_marker_listing_override\":false,\"zoom_level_on_marker_listing_click\":\"\",\"marker_listing_disable_zoom\":false,\"datatable_no_result_message\":\"\",\"remove_search_box_datables\":false,\"dataTable_pagination_style\":\"default\",\"datatable_search_string\":\"\",\"datatable_result_start\":\"\",\"datatable_result_of\":\"\",\"datatable_result_to\":\"\",\"datatable_result_total\":\"\",\"datatable_result_show\":\"\",\"datatable_result_entries\":\"\",\"enable_filter_custom_field_1\":false,\"wpgmza_savemap\":\"Karte speichern \\u00bb\"}}' data-map-id='8' data-shortcode-attributes='{\"id\":\"8\"}'> <\/div>\r\n            \r\n               \r\n        <\/div>\n            <div class=\"detail\">\n                                <div class=\"wpb_text_column wpb_content_element empty-detail\"><div class=\"wpb_wrapper\"><\/div><\/div>\n            <\/div>\n        <\/div>\n    <\/div>\n\n    [\/vc_column][\/vc_row][vc_row][vc_column]<div class=\"pn-headline-container  \n                        size-h4  \n                        font-weight-bold  \n                        text-transform-  \n                        color-  \n                        alignment-left\n                        h1\">\n                <h4 id=\"\" class=\"inner-headline pn-headline\">Weather services<\/h4>\n            <\/div>[vc_column_text]<\/p>\n<p class=\"p1\"><span class=\"s1\"><b>Weather services<\/b> create everyday weather forecasts, but also special weather forecasts, e.g. for aviation, and are also responsible for warnings of dangers caused by weather phenomena. An internship allows you to look behind the scenes and understand how the well-known weather maps come about. Weather models that form the basis for weather forecasts are also being further developed by weather services. In addition, climate data is increasingly being evaluated, for example in the form of graphics.<\/span><\/p>\n<p>[\/vc_column_text]\n    <div class=\"pn-linkbox-section\">\n        <ul class=\"linkbox-wrap\">\n                            <li class=\"linkbox-item logo-false\">\n                    <a href=\"https:\/\/www.dwd.de\/DE\/derdwd\/arbeitgeber\/einsteigen\/praktikum\/praktikum.html\" target=\"_blank\">\n\n                                                    <div class=\"linkbox-item--content\">\n                            <div class=\"linkbox-item--content-title\">Deutscher Wetterdienst (DWD)<\/div>\n                            <div class=\"linkbox-item--content-name\">\n                                                                                            <\/div>\n                        <\/div>\n                    <\/a>\n                <\/li>\n                                <li class=\"linkbox-item logo-false\">\n                    <a href=\"https:\/\/wo.wetteronline.de\/karriere\/initiativbewerbung\/\" target=\"_blank\">\n\n                                                    <div class=\"linkbox-item--content\">\n                            <div class=\"linkbox-item--content-title\">Wetteronline<\/div>\n                            <div class=\"linkbox-item--content-name\">\n                                                                                            <\/div>\n                        <\/div>\n                    <\/a>\n                <\/li>\n                        <\/ul>\n    <\/div>\n\n    [\/vc_column][\/vc_row][vc_row][vc_column][vc_column_text]<\/p>\n<p class=\"p1\"><span class=\"s1\"><b>Research institutions<\/b> are institutions where research is usually carried out in specialized areas. Meteorology can be divided into climate- and weather-oriented research, and there are also sub-areas of polar, marine, glacial and environmental research.<\/span><\/p>\n<p>[\/vc_column_text]\n    <div class=\"pn-linkbox-section\">\n        <ul class=\"linkbox-wrap\">\n                            <li class=\"linkbox-item logo-false\">\n                    <a href=\"https:\/\/www.gfz-potsdam.de\/karriere\/praktikum\" target=\"_blank\">\n\n                                                    <div class=\"linkbox-item--content\">\n                            <div class=\"linkbox-item--content-title\">Deutsches Geoforschungszentrum, Helmholtz-Zentrum Potsdam<\/div>\n                            <div class=\"linkbox-item--content-name\">\n                                                                                            <\/div>\n                        <\/div>\n                    <\/a>\n                <\/li>\n                                <li class=\"linkbox-item logo-false\">\n                    <a href=\"https:\/\/www.awi.de\/arbeiten-lernen\/aus-der-schule\/als-praktikant\/in.html\" target=\"_blank\">\n\n                                                    <div class=\"linkbox-item--content\">\n                            <div class=\"linkbox-item--content-title\">Alfred-Wegener-Institut (AWI), Helmholtz-Zentrum f\u00fcr Polar- und Meeresforschung<\/div>\n                            <div class=\"linkbox-item--content-name\">\n                                                                                            <\/div>\n                        <\/div>\n                    <\/a>\n                <\/li>\n                                <li class=\"linkbox-item logo-false\">\n                    <a href=\"https:\/\/www.dlr.de\/pa\/desktopdefault.aspx\/tabid-2352\/7595_read-11395\/\" target=\"_blank\">\n\n                                                    <div class=\"linkbox-item--content\">\n                            <div class=\"linkbox-item--content-title\">DLR Deutsches Zentrum f\u00fcr Luft- und Raumfahrt, Institut f\u00fcr Physik der Atmosph\u00e4re<\/div>\n                            <div class=\"linkbox-item--content-name\">\n                                                                                            <\/div>\n                        <\/div>\n                    <\/a>\n                <\/li>\n                        <\/ul>\n    <\/div>\n\n    [\/vc_column][\/vc_row][vc_row][vc_column]<div class=\"pn-headline-container  \n                        size-h4  \n                        font-weight-  \n                        text-transform-  \n                        color-  \n                        alignment-left\n                        h1\">\n                <h4 id=\"\" class=\"inner-headline pn-headline\">Universities<\/h4>\n            <\/div>[vc_column_text]<span class=\"s1\"><b>Universities<\/b> offer an opportunity to get a taste of both the everyday life of students and research. In order to carry out a student internship at the university, it is advisable to contact one of the subject-specific contact persons directly.<\/span><\/p>\n<p>&nbsp;<\/p>\n<ul>\n<li>Berlin: Institut f\u00fcr Meteorologie, Freie Universit\u00e4t Berlin<\/li>\n<li>Bonn: Institut f\u00fcr Geowissenschaften, Abteilung Meteorologie, Rheinische Friedrich-Wilhelms-Universit\u00e4t Bonn<\/li>\n<li>Frankfurt: Institut f\u00fcr Atmosph\u00e4re und Umwelt, Goethe-Universit\u00e4t Frankfurt<\/li>\n<li>Hamburg: Meteorologisches Institut, Universit\u00e4t Hamburg<\/li>\n<li>Hannover: Institut f\u00fcr Meteorologie und Klimatologie, Leibniz Universit\u00e4t Hannover<\/li>\n<li>Leipzig: Institut f\u00fcr Meteorologie, Universit\u00e4t Leipzig<\/li>\n<li>Karlsruhe: Institut f\u00fcr Meteorologie und Klimaforschung, Karlsruher Institut f\u00fcr Technologie (KIT)<\/li>\n<li>K\u00f6ln: Institut f\u00fcr Geophysik und Meteorologie, Universit\u00e4t zu K\u00f6ln<\/li>\n<li>Mainz: Institut f\u00fcr Physik der Atmosph\u00e4re, Johannes Gutenberg-Universit\u00e4t Mainz<\/li>\n<li>M\u00fcnchen: Meteorologisches Institut, Ludwigs-Maximilian-Universit\u00e4t M\u00fcnchen<\/li>\n<\/ul>\n<p>[\/vc_column_text][\/vc_column][\/vc_row][\/vc_section]<\/p>\n<\/div>","protected":false},"excerpt":{"rendered":"<p>[vc_section][vc_row css=&#8221;.vc_custom_1699371884806{margin-top: 0px !important;padding-top: 0px !important;padding-right: 0px !important;padding-bottom: 0px !important;padding-left: 0px !important;}&#8221;][vc_column css=&#8221;.vc_custom_1699371870638{padding-right: 0px !important;padding-left: 0px !important;}&#8221;][\/vc_column][\/vc_row][vc_row][vc_column][vc_column_text] Weather services create everyday weather forecasts, but also special weather forecasts, e.g. for aviation, and are also responsible for warnings of dangers caused by weather phenomena. An internship allows you to look behind the scenes and understand how [&hellip;]<\/p>\n","protected":false},"author":1,"featured_media":0,"parent":901,"menu_order":530,"comment_status":"closed","ping_status":"closed","template":"","meta":{"_acf_changed":false,"footnotes":""},"class_list":["post-912","page","type-page","status-publish","hentry"],"acf":[],"yoast_head":"<!-- This site is optimized with the Yoast SEO plugin v25.5 - https:\/\/yoast.com\/wordpress\/plugins\/seo\/ -->\n<title>Internships - UPAS<\/title>\n<meta name=\"robots\" content=\"index, follow, max-snippet:-1, max-image-preview:large, max-video-preview:-1\" \/>\n<link rel=\"canonical\" href=\"https:\/\/upaswpdev.14.phee.host\/en\/pupils\/internships\/\" \/>\n<meta property=\"og:locale\" content=\"en_US\" \/>\n<meta property=\"og:type\" content=\"article\" \/>\n<meta property=\"og:title\" content=\"Internships - UPAS\" \/>\n<meta property=\"og:description\" content=\"[vc_section][vc_row css=&#8221;.vc_custom_1699371884806{margin-top: 0px !important;padding-top: 0px !important;padding-right: 0px !important;padding-bottom: 0px !important;padding-left: 0px !important;}&#8221;][vc_column css=&#8221;.vc_custom_1699371870638{padding-right: 0px !important;padding-left: 0px !important;}&#8221;][\/vc_column][\/vc_row][vc_row][vc_column][vc_column_text] Weather services create everyday weather forecasts, but also special weather forecasts, e.g. for aviation, and are also responsible for warnings of dangers caused by weather phenomena. An internship allows you to look behind the scenes and understand how [&hellip;]\" \/>\n<meta property=\"og:url\" content=\"https:\/\/upaswpdev.14.phee.host\/en\/pupils\/internships\/\" \/>\n<meta property=\"og:site_name\" content=\"UPAS\" \/>\n<meta property=\"article:modified_time\" content=\"2023-11-07T15:44:47+00:00\" \/>\n<meta name=\"twitter:card\" content=\"summary_large_image\" \/>\n<meta name=\"twitter:label1\" content=\"Est. reading time\" \/>\n\t<meta name=\"twitter:data1\" content=\"2 minutes\" \/>\n<script type=\"application\/ld+json\" class=\"yoast-schema-graph\">{\"@context\":\"https:\/\/schema.org\",\"@graph\":[{\"@type\":\"WebPage\",\"@id\":\"https:\/\/upaswpdev.14.phee.host\/en\/pupils\/internships\/\",\"url\":\"https:\/\/upaswpdev.14.phee.host\/en\/pupils\/internships\/\",\"name\":\"Internships - UPAS\",\"isPartOf\":{\"@id\":\"https:\/\/upaswpdev.14.phee.host\/#website\"},\"datePublished\":\"2023-09-11T18:33:18+00:00\",\"dateModified\":\"2023-11-07T15:44:47+00:00\",\"breadcrumb\":{\"@id\":\"https:\/\/upaswpdev.14.phee.host\/en\/pupils\/internships\/#breadcrumb\"},\"inLanguage\":\"en-US\",\"potentialAction\":[{\"@type\":\"ReadAction\",\"target\":[\"https:\/\/upaswpdev.14.phee.host\/en\/pupils\/internships\/\"]}]},{\"@type\":\"BreadcrumbList\",\"@id\":\"https:\/\/upaswpdev.14.phee.host\/en\/pupils\/internships\/#breadcrumb\",\"itemListElement\":[{\"@type\":\"ListItem\",\"position\":1,\"name\":\"Startseite\",\"item\":\"https:\/\/upaswpdev.14.phee.host\/en\/\"},{\"@type\":\"ListItem\",\"position\":2,\"name\":\"Pupils\",\"item\":\"https:\/\/upaswpdev.14.phee.host\/en\/pupils\/\"},{\"@type\":\"ListItem\",\"position\":3,\"name\":\"Internships\"}]},{\"@type\":\"WebSite\",\"@id\":\"https:\/\/upaswpdev.14.phee.host\/#website\",\"url\":\"https:\/\/upaswpdev.14.phee.host\/\",\"name\":\"UPAS\",\"description\":\"\",\"publisher\":{\"@id\":\"https:\/\/upaswpdev.14.phee.host\/#organization\"},\"potentialAction\":[{\"@type\":\"SearchAction\",\"target\":{\"@type\":\"EntryPoint\",\"urlTemplate\":\"https:\/\/upaswpdev.14.phee.host\/?s={search_term_string}\"},\"query-input\":{\"@type\":\"PropertyValueSpecification\",\"valueRequired\":true,\"valueName\":\"search_term_string\"}}],\"inLanguage\":\"en-US\"},{\"@type\":\"Organization\",\"@id\":\"https:\/\/upaswpdev.14.phee.host\/#organization\",\"name\":\"UPAS\",\"url\":\"https:\/\/upaswpdev.14.phee.host\/\",\"logo\":{\"@type\":\"ImageObject\",\"inLanguage\":\"en-US\",\"@id\":\"https:\/\/upaswpdev.14.phee.host\/#\/schema\/logo\/image\/\",\"url\":\"https:\/\/upaswpdev.14.phee.host\/wp-content\/uploads\/2023\/03\/upas-logo.jpg\",\"contentUrl\":\"https:\/\/upaswpdev.14.phee.host\/wp-content\/uploads\/2023\/03\/upas-logo.jpg\",\"width\":768,\"height\":274,\"caption\":\"UPAS\"},\"image\":{\"@id\":\"https:\/\/upaswpdev.14.phee.host\/#\/schema\/logo\/image\/\"}}]}<\/script>\n<!-- \/ Yoast SEO plugin. -->","yoast_head_json":{"title":"Internships - UPAS","robots":{"index":"index","follow":"follow","max-snippet":"max-snippet:-1","max-image-preview":"max-image-preview:large","max-video-preview":"max-video-preview:-1"},"canonical":"https:\/\/upaswpdev.14.phee.host\/en\/pupils\/internships\/","og_locale":"en_US","og_type":"article","og_title":"Internships - UPAS","og_description":"[vc_section][vc_row css=&#8221;.vc_custom_1699371884806{margin-top: 0px !important;padding-top: 0px !important;padding-right: 0px !important;padding-bottom: 0px !important;padding-left: 0px !important;}&#8221;][vc_column css=&#8221;.vc_custom_1699371870638{padding-right: 0px !important;padding-left: 0px !important;}&#8221;][\/vc_column][\/vc_row][vc_row][vc_column][vc_column_text] Weather services create everyday weather forecasts, but also special weather forecasts, e.g. for aviation, and are also responsible for warnings of dangers caused by weather phenomena. An internship allows you to look behind the scenes and understand how [&hellip;]","og_url":"https:\/\/upaswpdev.14.phee.host\/en\/pupils\/internships\/","og_site_name":"UPAS","article_modified_time":"2023-11-07T15:44:47+00:00","twitter_card":"summary_large_image","twitter_misc":{"Est. reading time":"2 minutes"},"schema":{"@context":"https:\/\/schema.org","@graph":[{"@type":"WebPage","@id":"https:\/\/upaswpdev.14.phee.host\/en\/pupils\/internships\/","url":"https:\/\/upaswpdev.14.phee.host\/en\/pupils\/internships\/","name":"Internships - UPAS","isPartOf":{"@id":"https:\/\/upaswpdev.14.phee.host\/#website"},"datePublished":"2023-09-11T18:33:18+00:00","dateModified":"2023-11-07T15:44:47+00:00","breadcrumb":{"@id":"https:\/\/upaswpdev.14.phee.host\/en\/pupils\/internships\/#breadcrumb"},"inLanguage":"en-US","potentialAction":[{"@type":"ReadAction","target":["https:\/\/upaswpdev.14.phee.host\/en\/pupils\/internships\/"]}]},{"@type":"BreadcrumbList","@id":"https:\/\/upaswpdev.14.phee.host\/en\/pupils\/internships\/#breadcrumb","itemListElement":[{"@type":"ListItem","position":1,"name":"Startseite","item":"https:\/\/upaswpdev.14.phee.host\/en\/"},{"@type":"ListItem","position":2,"name":"Pupils","item":"https:\/\/upaswpdev.14.phee.host\/en\/pupils\/"},{"@type":"ListItem","position":3,"name":"Internships"}]},{"@type":"WebSite","@id":"https:\/\/upaswpdev.14.phee.host\/#website","url":"https:\/\/upaswpdev.14.phee.host\/","name":"UPAS","description":"","publisher":{"@id":"https:\/\/upaswpdev.14.phee.host\/#organization"},"potentialAction":[{"@type":"SearchAction","target":{"@type":"EntryPoint","urlTemplate":"https:\/\/upaswpdev.14.phee.host\/?s={search_term_string}"},"query-input":{"@type":"PropertyValueSpecification","valueRequired":true,"valueName":"search_term_string"}}],"inLanguage":"en-US"},{"@type":"Organization","@id":"https:\/\/upaswpdev.14.phee.host\/#organization","name":"UPAS","url":"https:\/\/upaswpdev.14.phee.host\/","logo":{"@type":"ImageObject","inLanguage":"en-US","@id":"https:\/\/upaswpdev.14.phee.host\/#\/schema\/logo\/image\/","url":"https:\/\/upaswpdev.14.phee.host\/wp-content\/uploads\/2023\/03\/upas-logo.jpg","contentUrl":"https:\/\/upaswpdev.14.phee.host\/wp-content\/uploads\/2023\/03\/upas-logo.jpg","width":768,"height":274,"caption":"UPAS"},"image":{"@id":"https:\/\/upaswpdev.14.phee.host\/#\/schema\/logo\/image\/"}}]}},"_links":{"self":[{"href":"https:\/\/upaswpdev.14.phee.host\/en\/wp-json\/wp\/v2\/pages\/912","targetHints":{"allow":["GET"]}}],"collection":[{"href":"https:\/\/upaswpdev.14.phee.host\/en\/wp-json\/wp\/v2\/pages"}],"about":[{"href":"https:\/\/upaswpdev.14.phee.host\/en\/wp-json\/wp\/v2\/types\/page"}],"author":[{"embeddable":true,"href":"https:\/\/upaswpdev.14.phee.host\/en\/wp-json\/wp\/v2\/users\/1"}],"replies":[{"embeddable":true,"href":"https:\/\/upaswpdev.14.phee.host\/en\/wp-json\/wp\/v2\/comments?post=912"}],"version-history":[{"count":14,"href":"https:\/\/upaswpdev.14.phee.host\/en\/wp-json\/wp\/v2\/pages\/912\/revisions"}],"predecessor-version":[{"id":1318,"href":"https:\/\/upaswpdev.14.phee.host\/en\/wp-json\/wp\/v2\/pages\/912\/revisions\/1318"}],"up":[{"embeddable":true,"href":"https:\/\/upaswpdev.14.phee.host\/en\/wp-json\/wp\/v2\/pages\/901"}],"wp:attachment":[{"href":"https:\/\/upaswpdev.14.phee.host\/en\/wp-json\/wp\/v2\/media?parent=912"}],"curies":[{"name":"wp","href":"https:\/\/api.w.org\/{rel}","templated":true}]}}